{"id":2749,"date":"2023-05-11T18:13:58","date_gmt":"2023-05-11T16:13:58","guid":{"rendered":"https:\/\/www.revenga-geneve.com\/?page_id=2749"},"modified":"2025-06-09T13:01:52","modified_gmt":"2025-06-09T11:01:52","slug":"trunk-show-sartoria-dalcuore-neapolitan-tailors","status":"publish","type":"page","link":"https:\/\/www.revenga-geneve.com\/en\/trunk-show-sartoria-dalcuore-neapolitan-tailors\/","title":{"rendered":"Sartoria Dalcuore &#8211; Trunk Show"},"content":{"rendered":"<div id=\"pl-2749\"  class=\"panel-layout\" ><div id=\"pg-2749-0\"  class=\"panel-grid panel-no-style\" ><div id=\"pgc-2749-0-0\"  class=\"panel-grid-cell\" ><div id=\"panel-2749-0-0-0\" class=\"so-panel widget widget_sow-editor panel-first-child panel-last-child\" data-index=\"0\" ><div\n\t\t\t\n\t\t\tclass=\"so-widget-sow-editor so-widget-sow-editor-base\"\n\t\t\t\n\t\t><h3 class=\"widget-title\">Trunk Show in Geneva<\/h3>\n<div class=\"siteorigin-widget-tinymce textwidget\">\n\t<div class=\"siteorigin-widget-tinymce textwidget\">\n<div class=\"siteorigin-widget-tinymce textwidget\">\n<div class=\"section\">\n<div class=\"container-fluid full-container-bloc\" id=\"\">\n<p>&nbsp;<\/p>\n<p style=\"text-align: center;\"><span class=\"titre-jaune\">Trunk Show in Geneva<br \/>\nNeapolitan Tailors<br \/>\n<\/span><span class=\"titre-jaune\">June 12, 2025<\/span><br \/>\n<span class=\"titre-centre\">SARTORIA DALCUORE x REVENGA<\/span><\/p>\n<\/div>\n<\/div>\n<p>&nbsp;<\/p>\n<div class=\"section\">\n<div class=\"container-fluid full-container-bloc\" id=\"\">\n<p>&nbsp;<\/p>\n<p><a href=\"#\" class=\"intro-arrow\"><img decoding=\"async\" src=\"https:\/\/www.revenga-geneve.com\/wp-content\/uploads\/2018\/07\/down-arrow.png\" class=\"aligncenter\" \/><\/a><\/p>\n<\/div>\n<\/div>\n<\/div>\n<\/div>\n<\/div>\n<\/div><\/div><\/div><\/div><div id=\"pg-2749-1\"  class=\"panel-grid panel-no-style\" ><div id=\"pgc-2749-1-0\"  class=\"panel-grid-cell\" ><div id=\"panel-2749-1-0-0\" class=\"so-panel widget widget_sow-editor panel-first-child panel-last-child\" data-index=\"1\" ><div\n\t\t\t\n\t\t\tclass=\"so-widget-sow-editor so-widget-sow-editor-base\"\n\t\t\t\n\t\t><h3 class=\"widget-title\">Made to Measure suits by Sartoria Dalcuore tailors<\/h3>\n<div class=\"siteorigin-widget-tinymce textwidget\">\n\t<div class=\"siteorigin-widget-tinymce textwidget\">\n<div class=\"siteorigin-widget-tinymce textwidget\">\n<div class=\"section\" id=\"scrollto\">\n<div class=\"container type3\">\n<div class=\"row col-eq\">\n<div class=\"col col-md-6 object-fit\"><img loading=\"lazy\" decoding=\"async\" src=\"https:\/\/www.revenga-geneve.com\/wp-content\/uploads\/2023\/05\/Costume-sur-mesure-Sartoria-Dalcuore-x-Revenga-Chemisers-Genevois-Costume-bleu-Revers-.png\" alt=\"costume crois\u00e9 - Sartoria Dalcuore x Revenga - tailleur sur mesure \u00e0 Gen\u00e8ve - neapolitan tailors in Geneva\" width=\"1070\" height=\"1070\" class=\"img-responsive aligncenter wp-image-2513 size-full\" title=\"Costume Crois\u00e9 - Sartoria Dalcuore x Revenga Chemisiers Genevois - Costume sur mesure - Neapolitan Tailors\" srcset=\"https:\/\/www.revenga-geneve.com\/wp-content\/uploads\/2023\/05\/Costume-sur-mesure-Sartoria-Dalcuore-x-Revenga-Chemisers-Genevois-Costume-bleu-Revers-.png 1070w, https:\/\/www.revenga-geneve.com\/wp-content\/uploads\/2023\/05\/Costume-sur-mesure-Sartoria-Dalcuore-x-Revenga-Chemisers-Genevois-Costume-bleu-Revers--300x300.png 300w, https:\/\/www.revenga-geneve.com\/wp-content\/uploads\/2023\/05\/Costume-sur-mesure-Sartoria-Dalcuore-x-Revenga-Chemisers-Genevois-Costume-bleu-Revers--100x100.png 100w, https:\/\/www.revenga-geneve.com\/wp-content\/uploads\/2023\/05\/Costume-sur-mesure-Sartoria-Dalcuore-x-Revenga-Chemisers-Genevois-Costume-bleu-Revers--600x600.png 600w, https:\/\/www.revenga-geneve.com\/wp-content\/uploads\/2023\/05\/Costume-sur-mesure-Sartoria-Dalcuore-x-Revenga-Chemisers-Genevois-Costume-bleu-Revers--1024x1024.png 1024w, https:\/\/www.revenga-geneve.com\/wp-content\/uploads\/2023\/05\/Costume-sur-mesure-Sartoria-Dalcuore-x-Revenga-Chemisers-Genevois-Costume-bleu-Revers--150x150.png 150w, https:\/\/www.revenga-geneve.com\/wp-content\/uploads\/2023\/05\/Costume-sur-mesure-Sartoria-Dalcuore-x-Revenga-Chemisers-Genevois-Costume-bleu-Revers--768x768.png 768w, https:\/\/www.revenga-geneve.com\/wp-content\/uploads\/2023\/05\/Costume-sur-mesure-Sartoria-Dalcuore-x-Revenga-Chemisers-Genevois-Costume-bleu-Revers--550x550.png 550w\" sizes=\"auto, (max-width: 1070px) 100vw, 1070px\" \/><\/div>\n<div class=\"col col-md-6\">\n<div class=\"box\">\n<h2 class=\"section-title after-left\"><span class=\"titre-jaune\">Made to Measure Suits<\/span><\/h2>\n<h2 class=\"section-title after-left\"><span class=\"titre-jaune\">Sartoria Dalcuore - Neapolitan tailors<\/span><\/h2>\n<div class=\"box-text\">\n<p>Sartoria Dalcuore is recognized as one of Naples' most creative and qualitative tailors. The harmonious proportions, balanced bending and fluid lines of their jackets result from a clean, distinctive style.<\/p>\n<p>We are delighted to offer their Made to Measure line of jackets and suits throughout the year and to welcome Cristina Dalcuore and Damiano Annunziato on June 12, 2025 to share their know-how and Bespoke Experience with you.<\/p>\n<\/div>\n<\/div>\n<\/div>\n<\/div>\n<\/div>\n<\/div>\n<\/div>\n<\/div>\n<\/div>\n<\/div><\/div><\/div><\/div><div id=\"pg-2749-2\"  class=\"panel-grid panel-no-style\" ><div id=\"pgc-2749-2-0\"  class=\"panel-grid-cell\" ><div id=\"panel-2749-2-0-0\" class=\"so-panel widget widget_sow-editor panel-first-child panel-last-child\" data-index=\"2\" ><div class=\"panel-widget-style panel-widget-style-for-2749-2-0-0\" ><div\n\t\t\t\n\t\t\tclass=\"so-widget-sow-editor so-widget-sow-editor-base\"\n\t\t\t\n\t\t><h3 class=\"widget-title\">Cristina Dalcuore - neapolitan tailors<\/h3>\n<div class=\"siteorigin-widget-tinymce textwidget\">\n\t<div class=\"row\">\n<div class=\"col col-md-6 col-md-push-6 col-lg-push-6 no-padding object-fit\"><img loading=\"lazy\" decoding=\"async\" src=\"https:\/\/www.revenga-geneve.com\/wp-content\/uploads\/2023\/05\/cristina-e1683972694192.jpg\" alt=\"Cristina Dalcuore - Sartoria Dalcuore - Neapolitans tailors in Geneva\" width=\"1012\" height=\"1075\" class=\"aligncenter wp-image-2544 size-full\" title=\"Cristina Dalcuore - Sartoria Dalcuore - Neapolitans tailors in Geneva\" srcset=\"https:\/\/www.revenga-geneve.com\/wp-content\/uploads\/2023\/05\/cristina-e1683972694192.jpg 1012w, https:\/\/www.revenga-geneve.com\/wp-content\/uploads\/2023\/05\/cristina-e1683972694192-600x637.jpg 600w, https:\/\/www.revenga-geneve.com\/wp-content\/uploads\/2023\/05\/cristina-e1683972694192-282x300.jpg 282w, https:\/\/www.revenga-geneve.com\/wp-content\/uploads\/2023\/05\/cristina-e1683972694192-964x1024.jpg 964w, https:\/\/www.revenga-geneve.com\/wp-content\/uploads\/2023\/05\/cristina-e1683972694192-768x816.jpg 768w\" sizes=\"auto, (max-width: 1012px) 100vw, 1012px\" \/><\/div>\n<div class=\"col col-md-6 col-md-pull-6 col-lg-pull-6 no-padding\">\n<div class=\"box box-bg\">\n<h2 class=\"section-title after-center\" style=\"text-align: center;\"><span class=\"titre-jaune\">A family tailoring workshop founded in 1966<\/span><\/h2>\n<div class=\"box-text\">\n<p style=\"text-align: center;\">Sartoria Dalcuore was founded in 1966 by Luigi Dalcuore, father of Cristina Dalcuore. Simplicity, ease, relevance, curiosity and a perpetual search for style, techniques and materials are the cardinal principles of Sartoria Dalcuore's tailors.<\/p>\n<p style=\"text-align: center;\">Their bespoke jackets and suits are Neapolitan to the core, racy yet cosmopolitan in cut and silhouette. The style developed by Maison Dalcuore is resolutely less unstructured, more assertive and more international. Their singular style is recognized not only for its technical execution, but also for its good taste, comfort and lightness.<\/p>\n<p style=\"text-align: center;\">Today, their workshop is located in Via Francesco Caracciolo, facing the Mediterranean Sea, where they continue to create exceptional garments. Their creations are regularly acclaimed by specialist media such as <span style=\"text-decoration: underline;\"><span style=\"color: #ffffff; text-decoration: underline;\"><a href=\"https:\/\/therake.com\/stories\/craft\/dalcuore-naples-unconventional-tailor\/\" style=\"color: #ffffff; text-decoration: underline;\">The Rake<\/a><\/span><\/span><span style=\"color: #ffffff;\"> ou<\/span> <span style=\"text-decoration: underline;\"><a href=\"https:\/\/www.permanentstyle.com\/2017\/08\/dalcuore-gigi-on-expansion-craft-and-young-tailors.html\"><span style=\"color: #ffffff; text-decoration: underline;\">Permanent Style<\/span><\/a><span style=\"color: #ffffff; text-decoration: underline;\"><\/span><\/span>.<\/p>\n<\/div>\n<\/div>\n<\/div>\n<\/div>\n<\/div>\n<\/div><\/div><\/div><\/div><\/div><div id=\"pg-2749-3\"  class=\"panel-grid panel-no-style\" ><div id=\"pgc-2749-3-0\"  class=\"panel-grid-cell\" ><div id=\"panel-2749-3-0-0\" class=\"so-panel widget widget_sow-editor panel-first-child\" data-index=\"3\" ><div\n\t\t\t\n\t\t\tclass=\"so-widget-sow-editor so-widget-sow-editor-base\"\n\t\t\t\n\t\t><h3 class=\"widget-title\">Neapolitain tailors' Trunk Show in Geneva<\/h3>\n<div class=\"siteorigin-widget-tinymce textwidget\">\n\t<div class=\"siteorigin-widget-tinymce textwidget\">\n<div class=\"siteorigin-widget-tinymce textwidget\">\n<div class=\"section\" id=\"scrollto\">\n<div class=\"container type3\">\n<div class=\"row col-eq\">\n<div class=\"col col-md-6 object-fit\"><img loading=\"lazy\" decoding=\"async\" src=\"https:\/\/www.revenga-geneve.com\/wp-content\/uploads\/2023\/05\/IMG_1850-e1683972845603.jpg\" alt=\"Jacket construction - Neapolitan tailors - Sartoria Dalcuore x Revenga Chemisiers Genevois\" width=\"1333\" height=\"1490\" class=\"img-responsive aligncenter wp-image-2548 size-full\" title=\"Jacket construction - Neapolitan tailors - Sartoria Dalcuore x Revenga Chemisiers Genevois\" srcset=\"https:\/\/www.revenga-geneve.com\/wp-content\/uploads\/2023\/05\/IMG_1850-e1683972845603.jpg 1333w, https:\/\/www.revenga-geneve.com\/wp-content\/uploads\/2023\/05\/IMG_1850-e1683972845603-600x671.jpg 600w, https:\/\/www.revenga-geneve.com\/wp-content\/uploads\/2023\/05\/IMG_1850-e1683972845603-268x300.jpg 268w, https:\/\/www.revenga-geneve.com\/wp-content\/uploads\/2023\/05\/IMG_1850-e1683972845603-916x1024.jpg 916w, https:\/\/www.revenga-geneve.com\/wp-content\/uploads\/2023\/05\/IMG_1850-e1683972845603-768x858.jpg 768w\" sizes=\"auto, (max-width: 1333px) 100vw, 1333px\" \/><\/div>\n<div class=\"col col-md-6\">\n<div class=\"box\">\n<h2 class=\"section-title after-left\"><span class=\"titre-jaune\">Trunk Show in Geneva Thursday 12 of June<\/span><\/h2>\n<div class=\"box-text\">We are delighted to welcome Sartoria Dalcuore to our workshop on Thursday 12th of June 2025. We invite you to make an appointment to discover the creations and expertise of these historic tailors:<\/div>\n<div class=\"box-text\"><strong><br \/>\n<span style=\"color: #ffffff;\"><a href=\"mailto:j.perez@revenga-geneve.com\" style=\"color: #ffffff;\"><span style=\"text-decoration: underline;\">MAKE AN APPOINTMENT<\/span><\/a><\/span><br \/>\n<span style=\"text-decoration: underline;\"><span style=\"color: #ffffff;\"><a href=\"mailto:j.perez@revenga-geneve.com\" style=\"color: #ffffff; text-decoration: underline;\">j.perez@revenga-geneve.com <\/a><\/span><\/span><br \/>\n<\/strong><span style=\"color: #ffffff;\"><a href=\"callto:0041766161802\" style=\"color: #ffffff;\"><strong>+41 76 616 18 02<\/strong><\/a><br \/>\n<\/span><em>Prices &amp; additional images on request<\/em><span style=\"color: #ffffff;\"><br \/>\n<\/span><\/div>\n<div class=\"box-text\"><span style=\"text-decoration: underline;\">Revenga Chemisiers Genevois <\/span><br \/>\nRue de Saint Victor 4<br \/>\naccess by Rue Charles-Bonnet<br \/>\n1206 Geneva, Switzerland<\/div>\n<\/div>\n<\/div>\n<\/div>\n<\/div>\n<\/div>\n<\/div>\n<\/div>\n<\/div>\n<\/div><\/div><div id=\"panel-2749-3-0-1\" class=\"so-panel widget widget_sow-editor panel-last-child\" data-index=\"4\" ><div\n\t\t\t\n\t\t\tclass=\"so-widget-sow-editor so-widget-sow-editor-base\"\n\t\t\t\n\t\t><h3 class=\"widget-title\">BOUTON<\/h3>\n<div class=\"siteorigin-widget-tinymce textwidget\">\n\t<div class=\"siteorigin-widget-tinymce textwidget\">\n<p><a href=\"https:\/\/www.revenga-geneve.com\/rendez-vous\/\"><img loading=\"lazy\" decoding=\"async\" src=\"https:\/\/www.revenga-geneve.com\/wp-content\/uploads\/2023\/05\/BOUTON-PRENDRE-RENDEZ-VOUS-2.png\" alt=\"\" width=\"130\" height=\"50\" class=\"aligncenter size-full wp-image-2624\"\/><\/a><\/p>\n<\/div>\n<\/div>\n<\/div><\/div><\/div><\/div><div id=\"pg-2749-4\"  class=\"panel-grid panel-no-style\" ><div id=\"pgc-2749-4-0\"  class=\"panel-grid-cell\" ><div id=\"panel-2749-4-0-0\" class=\"so-panel widget widget_sow-editor panel-first-child\" data-index=\"5\" ><div\n\t\t\t\n\t\t\tclass=\"so-widget-sow-editor so-widget-sow-editor-base\"\n\t\t\t\n\t\t>\n<div class=\"siteorigin-widget-tinymce textwidget\">\n\t<p>&nbsp;<\/p>\n<p style=\"text-align: center;\"><span class=\"titre-jaune\">Sartoria Dalcuore Tailors x Revenga Chemisiers Genevois<\/span><br \/>\n<span class=\"titre-centre\">Made to Measure Suits and Jackets<\/span><\/p>\n<\/div>\n<\/div><\/div><div id=\"panel-2749-4-0-2\" class=\"so-panel widget widget_sow-editor panel-last-child\" data-index=\"7\" ><div\n\t\t\t\n\t\t\tclass=\"so-widget-sow-editor so-widget-sow-editor-base\"\n\t\t\t\n\t\t><h3 class=\"widget-title\">BOUTON<\/h3>\n<div class=\"siteorigin-widget-tinymce textwidget\">\n\t<div class=\"siteorigin-widget-tinymce textwidget\">\n<p><a href=\"https:\/\/www.revenga-geneve.com\/rendez-vous\/\"><img loading=\"lazy\" decoding=\"async\" src=\"https:\/\/www.revenga-geneve.com\/wp-content\/uploads\/2023\/05\/BOUTON-PRENDRE-RENDEZ-VOUS-2.png\" alt=\"\" width=\"130\" height=\"50\" class=\"aligncenter size-full wp-image-2624\"><\/a><\/p>\n<\/div>\n<\/div>\n<\/div><\/div><\/div><\/div><div id=\"pg-2749-5\"  class=\"panel-grid panel-no-style\" ><div id=\"pgc-2749-5-0\"  class=\"panel-grid-cell panel-grid-cell-empty panel-grid-cell-mobile-last\" ><\/div><div id=\"pgc-2749-5-1\"  class=\"panel-grid-cell panel-grid-cell-empty\" ><\/div><\/div><\/div>","protected":false},"excerpt":{"rendered":"<p>&nbsp; Trunk Show in Geneva Neapolitan Tailors June 12, 2025 SARTORIA DALCUORE x REVENGA &nbsp; &nbsp; Made to Measure Suits Sartoria Dalcuore &#8211; Neapolitan tailors Sartoria Dalcuore is recognized as one of Naples&#8217; most creative and qualitative tailors. The harmonious proportions, balanced bending and fluid lines of their jackets result from a clean, distinctive style. [&hellip;]<\/p>\n","protected":false},"author":3,"featured_media":0,"parent":0,"menu_order":0,"comment_status":"closed","ping_status":"closed","template":"","meta":{"_mi_skip_tracking":false,"footnotes":""},"class_list":["post-2749","page","type-page","status-publish","hentry"],"acf":[],"yoast_head":"<!-- This site is optimized with the Yoast SEO Premium plugin v19.5 (Yoast SEO v19.10) - https:\/\/yoast.com\/wordpress\/plugins\/seo\/ -->\n<title>Sartoria Dalcuore - Trunk Show | Neapolitan Tailors | Revenga<\/title>\n<meta name=\"description\" content=\"Discover Sartoria Dalcuore&#039;s MTM &amp; Bespoke suits during our Neapolitan Tailors Trunk Show in Geneva. June 12, 2025 at Revenga Tailors.\" \/>\n<meta name=\"robots\" content=\"index, follow, max-snippet:-1, max-image-preview:large, max-video-preview:-1\" \/>\n<link rel=\"canonical\" href=\"https:\/\/www.revenga-geneve.com\/en\/trunk-show-sartoria-dalcuore-neapolitan-tailors\/\" \/>\n<meta property=\"og:locale\" content=\"en_US\" \/>\n<meta property=\"og:type\" content=\"article\" \/>\n<meta property=\"og:title\" content=\"Sartoria Dalcuore - Trunk Show\" \/>\n<meta property=\"og:description\" content=\"Discover Sartoria Dalcuore&#039;s MTM &amp; Bespoke suits during our Neapolitan Tailors Trunk Show in Geneva. June 12, 2025 at Revenga Tailors.\" \/>\n<meta property=\"og:url\" content=\"https:\/\/www.revenga-geneve.com\/en\/trunk-show-sartoria-dalcuore-neapolitan-tailors\/\" \/>\n<meta property=\"og:site_name\" content=\"Revenga Chemisiers Genevois\" \/>\n<meta property=\"article:publisher\" content=\"https:\/\/www.facebook.com\/revenga.geneve\/\" \/>\n<meta property=\"article:modified_time\" content=\"2025-06-09T11:01:52+00:00\" \/>\n<meta property=\"og:image\" content=\"https:\/\/www.revenga-geneve.com\/wp-content\/uploads\/2018\/07\/down-arrow.png\" \/>\n<meta name=\"twitter:card\" content=\"summary_large_image\" \/>\n<meta name=\"twitter:label1\" content=\"Est. reading time\" \/>\n\t<meta name=\"twitter:data1\" content=\"3 minutes\" \/>\n<script type=\"application\/ld+json\" class=\"yoast-schema-graph\">{\"@context\":\"https:\/\/schema.org\",\"@graph\":[{\"@type\":\"WebPage\",\"@id\":\"https:\/\/www.revenga-geneve.com\/en\/trunk-show-sartoria-dalcuore-neapolitan-tailors\/\",\"url\":\"https:\/\/www.revenga-geneve.com\/en\/trunk-show-sartoria-dalcuore-neapolitan-tailors\/\",\"name\":\"Sartoria Dalcuore - Trunk Show | Neapolitan Tailors | Revenga\",\"isPartOf\":{\"@id\":\"https:\/\/www.revenga-geneve.com\/#website\"},\"datePublished\":\"2023-05-11T16:13:58+00:00\",\"dateModified\":\"2025-06-09T11:01:52+00:00\",\"description\":\"Discover Sartoria Dalcuore's MTM & Bespoke suits during our Neapolitan Tailors Trunk Show in Geneva. June 12, 2025 at Revenga Tailors.\",\"breadcrumb\":{\"@id\":\"https:\/\/www.revenga-geneve.com\/en\/trunk-show-sartoria-dalcuore-neapolitan-tailors\/#breadcrumb\"},\"inLanguage\":\"en-US\",\"potentialAction\":[{\"@type\":\"ReadAction\",\"target\":[\"https:\/\/www.revenga-geneve.com\/en\/trunk-show-sartoria-dalcuore-neapolitan-tailors\/\"]}]},{\"@type\":\"BreadcrumbList\",\"@id\":\"https:\/\/www.revenga-geneve.com\/en\/trunk-show-sartoria-dalcuore-neapolitan-tailors\/#breadcrumb\",\"itemListElement\":[{\"@type\":\"ListItem\",\"position\":1,\"name\":\"Accueil\",\"item\":\"https:\/\/www.revenga-geneve.com\/\"},{\"@type\":\"ListItem\",\"position\":2,\"name\":\"Sartoria Dalcuore &#8211; Trunk Show\"}]},{\"@type\":\"WebSite\",\"@id\":\"https:\/\/www.revenga-geneve.com\/#website\",\"url\":\"https:\/\/www.revenga-geneve.com\/\",\"name\":\"Revenga Chemisiers Genevois\",\"description\":\"Chemises sur mesure \u00e0 Gen\u00e8ve\",\"publisher\":{\"@id\":\"https:\/\/www.revenga-geneve.com\/#organization\"},\"potentialAction\":[{\"@type\":\"SearchAction\",\"target\":{\"@type\":\"EntryPoint\",\"urlTemplate\":\"https:\/\/www.revenga-geneve.com\/?s={search_term_string}\"},\"query-input\":\"required name=search_term_string\"}],\"inLanguage\":\"en-US\"},{\"@type\":\"Organization\",\"@id\":\"https:\/\/www.revenga-geneve.com\/#organization\",\"name\":\"Revenga Chemisiers Genevois\",\"url\":\"https:\/\/www.revenga-geneve.com\/\",\"logo\":{\"@type\":\"ImageObject\",\"inLanguage\":\"en-US\",\"@id\":\"https:\/\/www.revenga-geneve.com\/#\/schema\/logo\/image\/\",\"url\":\"https:\/\/www.revenga-geneve.com\/wp-content\/uploads\/2022\/01\/IMG_20180728_221458_868.jpg\",\"contentUrl\":\"https:\/\/www.revenga-geneve.com\/wp-content\/uploads\/2022\/01\/IMG_20180728_221458_868.jpg\",\"width\":368,\"height\":368,\"caption\":\"Revenga Chemisiers Genevois\"},\"image\":{\"@id\":\"https:\/\/www.revenga-geneve.com\/#\/schema\/logo\/image\/\"},\"sameAs\":[\"https:\/\/www.instagram.com\/revenga.geneve\/\",\"https:\/\/www.linkedin.com\/company\/revenga-geneve\/\",\"https:\/\/www.facebook.com\/revenga.geneve\/\"]}]}<\/script>\n<!-- \/ Yoast SEO Premium plugin. -->","yoast_head_json":{"title":"Sartoria Dalcuore - Trunk Show | Neapolitan Tailors | Revenga","description":"Discover Sartoria Dalcuore's MTM & Bespoke suits during our Neapolitan Tailors Trunk Show in Geneva. June 12, 2025 at Revenga Tailors.","robots":{"index":"index","follow":"follow","max-snippet":"max-snippet:-1","max-image-preview":"max-image-preview:large","max-video-preview":"max-video-preview:-1"},"canonical":"https:\/\/www.revenga-geneve.com\/en\/trunk-show-sartoria-dalcuore-neapolitan-tailors\/","og_locale":"en_US","og_type":"article","og_title":"Sartoria Dalcuore - Trunk Show","og_description":"Discover Sartoria Dalcuore's MTM & Bespoke suits during our Neapolitan Tailors Trunk Show in Geneva. June 12, 2025 at Revenga Tailors.","og_url":"https:\/\/www.revenga-geneve.com\/en\/trunk-show-sartoria-dalcuore-neapolitan-tailors\/","og_site_name":"Revenga Chemisiers Genevois","article_publisher":"https:\/\/www.facebook.com\/revenga.geneve\/","article_modified_time":"2025-06-09T11:01:52+00:00","og_image":[{"url":"https:\/\/www.revenga-geneve.com\/wp-content\/uploads\/2018\/07\/down-arrow.png"}],"twitter_card":"summary_large_image","twitter_misc":{"Est. reading time":"3 minutes"},"schema":{"@context":"https:\/\/schema.org","@graph":[{"@type":"WebPage","@id":"https:\/\/www.revenga-geneve.com\/en\/trunk-show-sartoria-dalcuore-neapolitan-tailors\/","url":"https:\/\/www.revenga-geneve.com\/en\/trunk-show-sartoria-dalcuore-neapolitan-tailors\/","name":"Sartoria Dalcuore - Trunk Show | Neapolitan Tailors | Revenga","isPartOf":{"@id":"https:\/\/www.revenga-geneve.com\/#website"},"datePublished":"2023-05-11T16:13:58+00:00","dateModified":"2025-06-09T11:01:52+00:00","description":"Discover Sartoria Dalcuore's MTM & Bespoke suits during our Neapolitan Tailors Trunk Show in Geneva. June 12, 2025 at Revenga Tailors.","breadcrumb":{"@id":"https:\/\/www.revenga-geneve.com\/en\/trunk-show-sartoria-dalcuore-neapolitan-tailors\/#breadcrumb"},"inLanguage":"en-US","potentialAction":[{"@type":"ReadAction","target":["https:\/\/www.revenga-geneve.com\/en\/trunk-show-sartoria-dalcuore-neapolitan-tailors\/"]}]},{"@type":"BreadcrumbList","@id":"https:\/\/www.revenga-geneve.com\/en\/trunk-show-sartoria-dalcuore-neapolitan-tailors\/#breadcrumb","itemListElement":[{"@type":"ListItem","position":1,"name":"Accueil","item":"https:\/\/www.revenga-geneve.com\/"},{"@type":"ListItem","position":2,"name":"Sartoria Dalcuore &#8211; Trunk Show"}]},{"@type":"WebSite","@id":"https:\/\/www.revenga-geneve.com\/#website","url":"https:\/\/www.revenga-geneve.com\/","name":"Revenga Chemisiers Genevois","description":"Chemises sur mesure \u00e0 Gen\u00e8ve","publisher":{"@id":"https:\/\/www.revenga-geneve.com\/#organization"},"potentialAction":[{"@type":"SearchAction","target":{"@type":"EntryPoint","urlTemplate":"https:\/\/www.revenga-geneve.com\/?s={search_term_string}"},"query-input":"required name=search_term_string"}],"inLanguage":"en-US"},{"@type":"Organization","@id":"https:\/\/www.revenga-geneve.com\/#organization","name":"Revenga Chemisiers Genevois","url":"https:\/\/www.revenga-geneve.com\/","logo":{"@type":"ImageObject","inLanguage":"en-US","@id":"https:\/\/www.revenga-geneve.com\/#\/schema\/logo\/image\/","url":"https:\/\/www.revenga-geneve.com\/wp-content\/uploads\/2022\/01\/IMG_20180728_221458_868.jpg","contentUrl":"https:\/\/www.revenga-geneve.com\/wp-content\/uploads\/2022\/01\/IMG_20180728_221458_868.jpg","width":368,"height":368,"caption":"Revenga Chemisiers Genevois"},"image":{"@id":"https:\/\/www.revenga-geneve.com\/#\/schema\/logo\/image\/"},"sameAs":["https:\/\/www.instagram.com\/revenga.geneve\/","https:\/\/www.linkedin.com\/company\/revenga-geneve\/","https:\/\/www.facebook.com\/revenga.geneve\/"]}]}},"_links":{"self":[{"href":"https:\/\/www.revenga-geneve.com\/en\/wp-json\/wp\/v2\/pages\/2749","targetHints":{"allow":["GET"]}}],"collection":[{"href":"https:\/\/www.revenga-geneve.com\/en\/wp-json\/wp\/v2\/pages"}],"about":[{"href":"https:\/\/www.revenga-geneve.com\/en\/wp-json\/wp\/v2\/types\/page"}],"author":[{"embeddable":true,"href":"https:\/\/www.revenga-geneve.com\/en\/wp-json\/wp\/v2\/users\/3"}],"replies":[{"embeddable":true,"href":"https:\/\/www.revenga-geneve.com\/en\/wp-json\/wp\/v2\/comments?post=2749"}],"version-history":[{"count":20,"href":"https:\/\/www.revenga-geneve.com\/en\/wp-json\/wp\/v2\/pages\/2749\/revisions"}],"predecessor-version":[{"id":3723,"href":"https:\/\/www.revenga-geneve.com\/en\/wp-json\/wp\/v2\/pages\/2749\/revisions\/3723"}],"wp:attachment":[{"href":"https:\/\/www.revenga-geneve.com\/en\/wp-json\/wp\/v2\/media?parent=2749"}],"curies":[{"name":"wp","href":"https:\/\/api.w.org\/{rel}","templated":true}]}}