{"id":1432,"date":"2018-03-29T11:30:53","date_gmt":"2018-03-29T09:30:53","guid":{"rendered":"https:\/\/www.revenga-geneve.com\/sur-mesure\/"},"modified":"2024-03-07T13:18:12","modified_gmt":"2024-03-07T12:18:12","slug":"bespoke-shirts","status":"publish","type":"page","link":"https:\/\/www.revenga-geneve.com\/en\/bespoke-shirts\/","title":{"rendered":"Bespoke"},"content":{"rendered":"<div id=\"pl-1432\"  class=\"panel-layout\" ><div id=\"pg-1432-0\"  class=\"panel-grid panel-no-style\" ><div id=\"pgc-1432-0-0\"  class=\"panel-grid-cell\" ><div id=\"panel-1432-0-0-0\" class=\"so-panel widget widget_sow-editor panel-first-child panel-last-child\" data-index=\"0\" ><div\n\t\t\t\n\t\t\tclass=\"so-widget-sow-editor so-widget-sow-editor-base\"\n\t\t\t\n\t\t><h3 class=\"widget-title\">Bespoke shirts<\/h3>\n<div class=\"siteorigin-widget-tinymce textwidget\">\n\t<div class=\"section\">\n<div class=\"container-fluid full-container-bloc\" id=\"\">\n\n<a href=\"#\" class=\"intro-arrow\"><img decoding=\"async\" src=\"https:\/\/www.revenga-geneve.com\/wp-content\/uploads\/2018\/07\/down-arrow.png\" \/><\/a>\n<div class=\"container-content\">\n<h1 class=\"center-title\"><span class=\"titre-jaune\">Revenga Genevan Shirtmakers<\/span>\n<span class=\"titre-centre\">Bespoke shirts<\/span><\/h1>\n<\/div>\n<\/div>\n<\/div><\/div>\n<\/div><\/div><\/div><\/div><div id=\"pg-1432-1\"  class=\"panel-grid panel-no-style\" ><div id=\"pgc-1432-1-0\"  class=\"panel-grid-cell\" ><div id=\"panel-1432-1-0-0\" class=\"so-panel widget widget_sow-editor panel-first-child panel-last-child\" data-index=\"1\" ><div\n\t\t\t\n\t\t\tclass=\"so-widget-sow-editor so-widget-sow-editor-base\"\n\t\t\t\n\t\t>\n<div class=\"siteorigin-widget-tinymce textwidget\">\n\t<div class=\"container mb-mobile section type3\" id=\"scrollto\">\n<div class=\"row col-eq\">\n<div class=\"col col-md-6 no-padding object-fit\"><img loading=\"lazy\" decoding=\"async\" src=\"https:\/\/www.revenga-geneve.com\/wp-content\/uploads\/2018\/06\/chemise-sur-mesure-accueil.jpg\" alt=\"Image chemise sur mesure accueil - Revenga Chemisiers Genevois - chemise sur-mesure \u00e0 Gen\u00e8ve - Bespoke shirts in Geneva - Revenga Chemisiers Genevois\" width=\"1024\" height=\"683\" class=\"aligncenter size-full wp-image-1323\" srcset=\"https:\/\/www.revenga-geneve.com\/wp-content\/uploads\/2018\/06\/chemise-sur-mesure-accueil.jpg 1024w, https:\/\/www.revenga-geneve.com\/wp-content\/uploads\/2018\/06\/chemise-sur-mesure-accueil-600x400.jpg 600w, https:\/\/www.revenga-geneve.com\/wp-content\/uploads\/2018\/06\/chemise-sur-mesure-accueil-300x200.jpg 300w, https:\/\/www.revenga-geneve.com\/wp-content\/uploads\/2018\/06\/chemise-sur-mesure-accueil-768x512.jpg 768w, https:\/\/www.revenga-geneve.com\/wp-content\/uploads\/2018\/06\/chemise-sur-mesure-accueil-272x182.jpg 272w\" sizes=\"auto, (max-width: 1024px) 100vw, 1024px\" \/><\/div>\n<div class=\"col col-md-6 no-padding\">\n<div class=\"box\">\n<h2 class=\"section-title after-left\"><span class=\"titre-jaune\">Your personality<br \/>\n<\/span><span class=\"titre-jaune\">&amp; our know-how<\/span><\/h2>\n<div class=\"box-text\"><span class=\"p\">In our workshop located at the very heart of Geneva, we design your bespoke shirts with unwavering passion. Each shirt is unique and stands out thanks to your personality and our know-how.<\/span><br \/>\n<span class=\"p\">A broad range of the best Swiss, Italian and British fabrics awaits you as well as buttons produced from the finest quality mother of pearl. Our vast collections of collars and cuffs are entirely customisable based on your desires and measurements. <\/span><\/div>\n<\/div>\n<\/div>\n<\/div>\n<\/div>\n<\/div>\n<\/div><\/div><\/div><\/div><div id=\"pg-1432-2\"  class=\"panel-grid panel-no-style\" ><div id=\"pgc-1432-2-0\"  class=\"panel-grid-cell\" ><div id=\"panel-1432-2-0-0\" class=\"so-panel widget widget_sow-editor panel-first-child panel-last-child\" data-index=\"2\" ><div\n\t\t\t\n\t\t\tclass=\"so-widget-sow-editor so-widget-sow-editor-base\"\n\t\t\t\n\t\t>\n<div class=\"siteorigin-widget-tinymce textwidget\">\n\t<div class=\"container section type3\">\n<div class=\"row col-eq\">\n<div class=\"col col-md-7 col-md-push-5 col-lg-push-5 no-padding object-fit\"><img loading=\"lazy\" decoding=\"async\" src=\"https:\/\/www.revenga-geneve.com\/wp-content\/uploads\/2018\/06\/elegance-intemporelle-1.jpg\" alt=\"Elegance Intemporelle | Bespoke Shirts - polo shirt, winchester shirt, white tie shirt\" class=\"img-responsive alignnone\" width=\"1200\" height=\"1117\" title=\"Elegance Intemporelle - Bespoke shirts\" \/><\/div>\n<div class=\"col col-md-5 col-md-pull-7 col-lg-pull-7 no-padding\">\n<div class=\"box\">\n<h2 class=\"section-title after-left\"><span class=\"titre-jaune\">Mediterranean Flair<br \/>\n<\/span><span class=\"titre-jaune\">&amp; Swiss Precision<\/span><\/h2>\n<div class=\"box-text\"><span class=\"p\">From measurement-taking to the crafting of the final garment, every detail comes under close scrutiny to ascertain you are fully satisfied and we offer you timeless bespoke shirts with an impeccable finish and a perfect fit.\u00a0<\/span><br \/>\n<span class=\"p\">From the measuring to the making, every detail is carefully studied to provide entire satisfaction and offer you timeless bespoke shirts with impeccable finishing, perfectly fitting the lines of your body. <\/span><span class=\"p\">Our custom-tailored shirts incarnate a passion and state of mind steeped in know-how, thoroughness and excellence, culminating in truly exceptional garments. We aspire to create shirts that guarantee absolute comfort as well as durability and a style that stands the test of time.<\/span><\/div>\n<\/div>\n<\/div>\n<\/div>\n<\/div>\n<\/div>\n<\/div><\/div><\/div><\/div><div id=\"pg-1432-3\"  class=\"panel-grid panel-no-style\" ><div id=\"pgc-1432-3-0\"  class=\"panel-grid-cell\" ><div id=\"panel-1432-3-0-0\" class=\"so-panel widget widget_sow-editor panel-first-child panel-last-child\" data-index=\"3\" ><div\n\t\t\t\n\t\t\tclass=\"so-widget-sow-editor so-widget-sow-editor-base\"\n\t\t\t\n\t\t>\n<div class=\"siteorigin-widget-tinymce textwidget\">\n\t<div class=\"section-text section\">\n<h2 class=\"section-title after-center\"><span class=\"titre-jaune\"><br \/>\nThe creation of a bespoke shirt<br \/>\n<\/span><\/h2>\n<div class=\"text-block\">Discover the key steps in the making of a bespoke Revenga shirt<\/div>\n<\/div>\n<\/div>\n<\/div><\/div><\/div><\/div><div id=\"pg-1432-4\"  class=\"panel-grid panel-no-style\" ><div id=\"pgc-1432-4-0\"  class=\"panel-grid-cell\" ><div id=\"panel-1432-4-0-0\" class=\"so-panel widget widget_sow-editor panel-first-child panel-last-child\" data-index=\"4\" ><div\n\t\t\t\n\t\t\tclass=\"so-widget-sow-editor so-widget-sow-editor-base\"\n\t\t\t\n\t\t>\n<div class=\"siteorigin-widget-tinymce textwidget\">\n\t<div class=\"container\">\n<div class=\"row\">\n<div class=\"col col-md-4\">\n<div class=\"tuile\">\n<div class=\"tuile-bg\"><img decoding=\"async\" src=\"https:\/\/www.revenga-geneve.com\/wp-content\/uploads\/2018\/06\/personnalisation.jpg\" class=\"img-responsive\" \/><\/div>\n<div class=\"tuile-container\">\n<h2 class=\"titre-tuile after-center\"><a href=\"https:\/\/www.revenga-geneve.com\/en\/bespoke-shirts\/personalisation\/\">Personalisation<\/a><\/h2>\n<\/div>\n<\/div>\n<\/div>\n<div class=\"col col-md-4\">\n<div class=\"tuile\">\n<div class=\"tuile-bg\"><img decoding=\"async\" src=\"https:\/\/www.revenga-geneve.com\/wp-content\/uploads\/2018\/06\/confection.jpg\" class=\"img-responsive\" \/><\/div>\n<div class=\"tuile-container\">\n<h2 class=\"titre-tuile after-center\"><a href=\"https:\/\/www.revenga-geneve.com\/en\/bespoke-shirts\/bespoke-tailoring-process\/\">Tailoring process<\/a><\/h2>\n<\/div>\n<\/div>\n<\/div>\n<div class=\"col col-md-4\">\n<div class=\"tuile\">\n<div class=\"tuile-bg\"><img decoding=\"async\" src=\"https:\/\/www.revenga-geneve.com\/wp-content\/uploads\/2018\/06\/creations.jpg\" class=\"img-responsive\" \/><\/div>\n<div class=\"tuile-container\">\n<h2 class=\"titre-tuile after-center\"><a href=\"https:\/\/www.revenga-geneve.com\/en\/bespoke-shirts\/our-creations-bespoke-dress-shirt-geneva\/\">Bespoke Creations<\/a><\/h2>\n<\/div>\n<\/div>\n<\/div>\n<\/div>\n<\/div><\/div>\n<\/div><\/div><\/div><\/div><div id=\"pg-1432-5\"  class=\"panel-grid panel-no-style\" ><div id=\"pgc-1432-5-0\"  class=\"panel-grid-cell\" ><div id=\"panel-1432-5-0-0\" class=\"so-panel widget widget_sow-editor panel-first-child panel-last-child\" data-index=\"5\" ><div\n\t\t\t\n\t\t\tclass=\"so-widget-sow-editor so-widget-sow-editor-base\"\n\t\t\t\n\t\t>\n<div class=\"siteorigin-widget-tinymce textwidget\">\n\t<h2><\/h2>\n<h2 class=\"section-title after-center\" style=\"text-align: center;\"><span class=\"titre-jaune\">The Bespoke is a mindset.<\/span><\/h2>\n<p>&nbsp;<\/p>\n<h4 style=\"text-align: center;\">Would you like to discover our bespoke experience?<\/h4>\n<p>&nbsp;<\/p>\n<h5 style=\"text-align: center;\">\nWe invite you to contact us to <span style=\"text-decoration: underline;\"><span style=\"color: #ffffff;\"><a href=\"https:\/\/www.revenga-geneve.com\/en\/arrange-an-appointment\/\" style=\"color: #ffffff; text-decoration: underline;\">arrange an appointment<\/a><\/span><\/span> and organize your measurement.<\/h5>\n<p>&nbsp;<\/p>\n<h4 style=\"text-align: center;\">\nDiscover <span style=\"text-decoration: underline;\"><span style=\"color: #ffffff;\"><a href=\"https:\/\/www.revenga-geneve.com\/en\/philosophy-shirtmaker\/\" style=\"color: #ffffff; text-decoration: underline;\">our philosophy<\/a><\/span><\/span><\/h4>\n<p>&nbsp;<\/p>\n<h5 style=\"text-align: center;\">\nThe Revenga House is a workshop specializing in the creation of bespoke shirts and blouses. We craft all of our men's shirts and women's blouses in our Geneva workshop.<\/h5>\n<p>&nbsp;<\/p>\n<h5 style=\"text-align: center;\">\nFor us, it is essential that each garment reflects the state of mind of our customers. We see our shirts as works of co-creation, combining our Mediterranean flair &amp; our Swiss precision with the personality of each client.<\/h5>\n<p>&nbsp;<\/p>\n<h5 style=\"text-align: center;\">\nEach pattern is unique and specifically designed for a single client. We work the best Swiss and Italian fabrics with meticulousness &amp; passion. We work in this way, with the aim of shaping unique, comfortable and timeless clothes.<\/h5>\n<h5><\/h5>\n<p>&nbsp;<\/p>\n<h5 style=\"text-align: center;\">\n\u201cThe Bespoke is a mindset.\u201d<\/h5>\n<p>&nbsp;<\/p>\n<\/div>\n<\/div><\/div><\/div><\/div><\/div>","protected":false},"excerpt":{"rendered":"<p>Revenga Genevan Shirtmakers Bespoke shirts Your personality &amp; our know-how In our workshop located at the very heart of Geneva, we design your bespoke shirts with unwavering passion. Each shirt is unique and stands out thanks to your personality and our know-how. A broad range of the best Swiss, Italian and British fabrics awaits you [&hellip;]<\/p>\n","protected":false},"author":1,"featured_media":0,"parent":0,"menu_order":0,"comment_status":"closed","ping_status":"closed","template":"","meta":{"_mi_skip_tracking":false,"footnotes":""},"class_list":["post-1432","page","type-page","status-publish","hentry"],"acf":[],"yoast_head":"<!-- This site is optimized with the Yoast SEO Premium plugin v19.5 (Yoast SEO v19.10) - https:\/\/yoast.com\/wordpress\/plugins\/seo\/ -->\n<title>Bespoke Shirts - Swiss Made - Revenga Chemisiers Genevois<\/title>\n<meta name=\"description\" content=\"Our Bespoke Shirts embody timeless elegance &amp; fine craftsmanship. They are made in Geneva by our Master Shirtmaker. Discover our know-how.\" \/>\n<meta name=\"robots\" content=\"index, follow, max-snippet:-1, max-image-preview:large, max-video-preview:-1\" \/>\n<link rel=\"canonical\" href=\"https:\/\/www.revenga-geneve.com\/en\/bespoke-shirts\/\" \/>\n<meta property=\"og:locale\" content=\"en_US\" \/>\n<meta property=\"og:type\" content=\"article\" \/>\n<meta property=\"og:title\" content=\"La Chemise sur-mesure\" \/>\n<meta property=\"og:description\" content=\"D\u00e9couvrez le savoir-faire de la Maison Revenga et son proc\u00e9der de cr\u00e9ation.\" \/>\n<meta property=\"og:url\" content=\"https:\/\/www.revenga-geneve.com\/en\/bespoke-shirts\/\" \/>\n<meta property=\"og:site_name\" content=\"Revenga Chemisiers Genevois\" \/>\n<meta property=\"article:publisher\" content=\"https:\/\/www.facebook.com\/revenga.geneve\/\" \/>\n<meta property=\"article:modified_time\" content=\"2024-03-07T12:18:12+00:00\" \/>\n<meta property=\"og:image\" content=\"https:\/\/www.revenga-geneve.com\/wp-content\/uploads\/2018\/06\/chemise-sur-mesure-accueil.jpg\" \/>\n\t<meta property=\"og:image:width\" content=\"1024\" \/>\n\t<meta property=\"og:image:height\" content=\"683\" \/>\n\t<meta property=\"og:image:type\" content=\"image\/jpeg\" \/>\n<meta name=\"twitter:card\" content=\"summary_large_image\" \/>\n<meta name=\"twitter:title\" content=\"Bespoke\" \/>\n<meta name=\"twitter:label1\" content=\"Est. reading time\" \/>\n\t<meta name=\"twitter:data1\" content=\"4 minutes\" \/>\n<script type=\"application\/ld+json\" class=\"yoast-schema-graph\">{\"@context\":\"https:\/\/schema.org\",\"@graph\":[{\"@type\":\"WebPage\",\"@id\":\"https:\/\/www.revenga-geneve.com\/en\/bespoke-shirts\/\",\"url\":\"https:\/\/www.revenga-geneve.com\/en\/bespoke-shirts\/\",\"name\":\"Bespoke Shirts - Swiss Made - Revenga Chemisiers Genevois\",\"isPartOf\":{\"@id\":\"https:\/\/www.revenga-geneve.com\/#website\"},\"datePublished\":\"2018-03-29T09:30:53+00:00\",\"dateModified\":\"2024-03-07T12:18:12+00:00\",\"description\":\"Our Bespoke Shirts embody timeless elegance & fine craftsmanship. They are made in Geneva by our Master Shirtmaker. Discover our know-how.\",\"breadcrumb\":{\"@id\":\"https:\/\/www.revenga-geneve.com\/en\/bespoke-shirts\/#breadcrumb\"},\"inLanguage\":\"en-US\",\"potentialAction\":[{\"@type\":\"ReadAction\",\"target\":[\"https:\/\/www.revenga-geneve.com\/en\/bespoke-shirts\/\"]}]},{\"@type\":\"BreadcrumbList\",\"@id\":\"https:\/\/www.revenga-geneve.com\/en\/bespoke-shirts\/#breadcrumb\",\"itemListElement\":[{\"@type\":\"ListItem\",\"position\":1,\"name\":\"Accueil\",\"item\":\"https:\/\/www.revenga-geneve.com\/\"},{\"@type\":\"ListItem\",\"position\":2,\"name\":\"Bespoke\"}]},{\"@type\":\"WebSite\",\"@id\":\"https:\/\/www.revenga-geneve.com\/#website\",\"url\":\"https:\/\/www.revenga-geneve.com\/\",\"name\":\"Revenga Chemisiers Genevois\",\"description\":\"Chemises sur mesure \u00e0 Gen\u00e8ve\",\"publisher\":{\"@id\":\"https:\/\/www.revenga-geneve.com\/#organization\"},\"potentialAction\":[{\"@type\":\"SearchAction\",\"target\":{\"@type\":\"EntryPoint\",\"urlTemplate\":\"https:\/\/www.revenga-geneve.com\/?s={search_term_string}\"},\"query-input\":\"required name=search_term_string\"}],\"inLanguage\":\"en-US\"},{\"@type\":\"Organization\",\"@id\":\"https:\/\/www.revenga-geneve.com\/#organization\",\"name\":\"Revenga Chemisiers Genevois\",\"url\":\"https:\/\/www.revenga-geneve.com\/\",\"logo\":{\"@type\":\"ImageObject\",\"inLanguage\":\"en-US\",\"@id\":\"https:\/\/www.revenga-geneve.com\/#\/schema\/logo\/image\/\",\"url\":\"https:\/\/www.revenga-geneve.com\/wp-content\/uploads\/2022\/01\/IMG_20180728_221458_868.jpg\",\"contentUrl\":\"https:\/\/www.revenga-geneve.com\/wp-content\/uploads\/2022\/01\/IMG_20180728_221458_868.jpg\",\"width\":368,\"height\":368,\"caption\":\"Revenga Chemisiers Genevois\"},\"image\":{\"@id\":\"https:\/\/www.revenga-geneve.com\/#\/schema\/logo\/image\/\"},\"sameAs\":[\"https:\/\/www.instagram.com\/revenga.geneve\/\",\"https:\/\/www.linkedin.com\/company\/revenga-geneve\/\",\"https:\/\/www.facebook.com\/revenga.geneve\/\"]}]}<\/script>\n<!-- \/ Yoast SEO Premium plugin. -->","yoast_head_json":{"title":"Bespoke Shirts - Swiss Made - Revenga Chemisiers Genevois","description":"Our Bespoke Shirts embody timeless elegance & fine craftsmanship. They are made in Geneva by our Master Shirtmaker. Discover our know-how.","robots":{"index":"index","follow":"follow","max-snippet":"max-snippet:-1","max-image-preview":"max-image-preview:large","max-video-preview":"max-video-preview:-1"},"canonical":"https:\/\/www.revenga-geneve.com\/en\/bespoke-shirts\/","og_locale":"en_US","og_type":"article","og_title":"La Chemise sur-mesure","og_description":"D\u00e9couvrez le savoir-faire de la Maison Revenga et son proc\u00e9der de cr\u00e9ation.","og_url":"https:\/\/www.revenga-geneve.com\/en\/bespoke-shirts\/","og_site_name":"Revenga Chemisiers Genevois","article_publisher":"https:\/\/www.facebook.com\/revenga.geneve\/","article_modified_time":"2024-03-07T12:18:12+00:00","og_image":[{"width":1024,"height":683,"url":"https:\/\/www.revenga-geneve.com\/wp-content\/uploads\/2018\/06\/chemise-sur-mesure-accueil.jpg","type":"image\/jpeg"}],"twitter_card":"summary_large_image","twitter_title":"Bespoke","twitter_misc":{"Est. reading time":"4 minutes"},"schema":{"@context":"https:\/\/schema.org","@graph":[{"@type":"WebPage","@id":"https:\/\/www.revenga-geneve.com\/en\/bespoke-shirts\/","url":"https:\/\/www.revenga-geneve.com\/en\/bespoke-shirts\/","name":"Bespoke Shirts - Swiss Made - Revenga Chemisiers Genevois","isPartOf":{"@id":"https:\/\/www.revenga-geneve.com\/#website"},"datePublished":"2018-03-29T09:30:53+00:00","dateModified":"2024-03-07T12:18:12+00:00","description":"Our Bespoke Shirts embody timeless elegance & fine craftsmanship. They are made in Geneva by our Master Shirtmaker. Discover our know-how.","breadcrumb":{"@id":"https:\/\/www.revenga-geneve.com\/en\/bespoke-shirts\/#breadcrumb"},"inLanguage":"en-US","potentialAction":[{"@type":"ReadAction","target":["https:\/\/www.revenga-geneve.com\/en\/bespoke-shirts\/"]}]},{"@type":"BreadcrumbList","@id":"https:\/\/www.revenga-geneve.com\/en\/bespoke-shirts\/#breadcrumb","itemListElement":[{"@type":"ListItem","position":1,"name":"Accueil","item":"https:\/\/www.revenga-geneve.com\/"},{"@type":"ListItem","position":2,"name":"Bespoke"}]},{"@type":"WebSite","@id":"https:\/\/www.revenga-geneve.com\/#website","url":"https:\/\/www.revenga-geneve.com\/","name":"Revenga Chemisiers Genevois","description":"Chemises sur mesure \u00e0 Gen\u00e8ve","publisher":{"@id":"https:\/\/www.revenga-geneve.com\/#organization"},"potentialAction":[{"@type":"SearchAction","target":{"@type":"EntryPoint","urlTemplate":"https:\/\/www.revenga-geneve.com\/?s={search_term_string}"},"query-input":"required name=search_term_string"}],"inLanguage":"en-US"},{"@type":"Organization","@id":"https:\/\/www.revenga-geneve.com\/#organization","name":"Revenga Chemisiers Genevois","url":"https:\/\/www.revenga-geneve.com\/","logo":{"@type":"ImageObject","inLanguage":"en-US","@id":"https:\/\/www.revenga-geneve.com\/#\/schema\/logo\/image\/","url":"https:\/\/www.revenga-geneve.com\/wp-content\/uploads\/2022\/01\/IMG_20180728_221458_868.jpg","contentUrl":"https:\/\/www.revenga-geneve.com\/wp-content\/uploads\/2022\/01\/IMG_20180728_221458_868.jpg","width":368,"height":368,"caption":"Revenga Chemisiers Genevois"},"image":{"@id":"https:\/\/www.revenga-geneve.com\/#\/schema\/logo\/image\/"},"sameAs":["https:\/\/www.instagram.com\/revenga.geneve\/","https:\/\/www.linkedin.com\/company\/revenga-geneve\/","https:\/\/www.facebook.com\/revenga.geneve\/"]}]}},"_links":{"self":[{"href":"https:\/\/www.revenga-geneve.com\/en\/wp-json\/wp\/v2\/pages\/1432","targetHints":{"allow":["GET"]}}],"collection":[{"href":"https:\/\/www.revenga-geneve.com\/en\/wp-json\/wp\/v2\/pages"}],"about":[{"href":"https:\/\/www.revenga-geneve.com\/en\/wp-json\/wp\/v2\/types\/page"}],"author":[{"embeddable":true,"href":"https:\/\/www.revenga-geneve.com\/en\/wp-json\/wp\/v2\/users\/1"}],"replies":[{"embeddable":true,"href":"https:\/\/www.revenga-geneve.com\/en\/wp-json\/wp\/v2\/comments?post=1432"}],"version-history":[{"count":18,"href":"https:\/\/www.revenga-geneve.com\/en\/wp-json\/wp\/v2\/pages\/1432\/revisions"}],"predecessor-version":[{"id":3145,"href":"https:\/\/www.revenga-geneve.com\/en\/wp-json\/wp\/v2\/pages\/1432\/revisions\/3145"}],"wp:attachment":[{"href":"https:\/\/www.revenga-geneve.com\/en\/wp-json\/wp\/v2\/media?parent=1432"}],"curies":[{"name":"wp","href":"https:\/\/api.w.org\/{rel}","templated":true}]}}