{"id":1364,"date":"2018-03-29T11:29:39","date_gmt":"2018-03-29T09:29:39","guid":{"rendered":"https:\/\/www.revenga-geneve.com\/?page_id=1364"},"modified":"2024-03-07T13:31:49","modified_gmt":"2024-03-07T12:31:49","slug":"philosophy-shirtmaker","status":"publish","type":"page","link":"https:\/\/www.revenga-geneve.com\/en\/philosophy-shirtmaker\/","title":{"rendered":"Our philosophy"},"content":{"rendered":"<div id=\"pl-1364\"  class=\"panel-layout\" ><div id=\"pg-1364-0\"  class=\"panel-grid panel-no-style\" ><div id=\"pgc-1364-0-0\"  class=\"panel-grid-cell\" ><div id=\"panel-1364-0-0-0\" class=\"so-panel widget widget_sow-editor panel-first-child panel-last-child\" data-index=\"0\" ><div\n\t\t\t\n\t\t\tclass=\"so-widget-sow-editor so-widget-sow-editor-base\"\n\t\t\t\n\t\t><h3 class=\"widget-title\">Discover the philosophy of our Master Shirtmaker <\/h3>\n<div class=\"siteorigin-widget-tinymce textwidget\">\n\t<div class=\"section\">\n<div class=\"container-fluid full-container-bloc\" id=\"bg-philosophie\">\n\n<a href=\"#\" class=\"intro-arrow\"><img decoding=\"async\" src=\"https:\/\/www.revenga-geneve.com\/wp-content\/uploads\/2018\/07\/down-arrow.png\" \/><\/a>\n<div class=\"container-content\">\n<h1 class=\"center-title\">\n\n<span class=\"titre-jaune\">Discover the philosophy<\/span>\n<span class=\"titre-centre\">OF OUR MASTER SHIRTMAKER<\/span>\n<\/h1>\n<\/div>\n<\/div>\n<\/div><\/div>\n<\/div><\/div><\/div><\/div><div id=\"pg-1364-1\"  class=\"panel-grid panel-no-style\" ><div id=\"pgc-1364-1-0\"  class=\"panel-grid-cell\" ><div id=\"panel-1364-1-0-0\" class=\"so-panel widget widget_sow-editor panel-first-child panel-last-child\" data-index=\"1\" ><div\n\t\t\t\n\t\t\tclass=\"so-widget-sow-editor so-widget-sow-editor-base\"\n\t\t\t\n\t\t>\n<div class=\"siteorigin-widget-tinymce textwidget\">\n\t<div class=\"section\" id=\"scrollto\">\n<div class=\"container type3\">\n<div class=\"row col-eq\">\n<div class=\"col col-md-6 object-fit\"><img loading=\"lazy\" decoding=\"async\" src=\"https:\/\/www.revenga-geneve.com\/wp-content\/uploads\/2018\/07\/savoir-faire-traditionnel.jpg\" class=\"img-responsive alignnone\" width=\"1024\" height=\"672\" alt=\"M\u00e9thode de patronnier - Ciseaux couture - patron - col - poignets. Philosophie de notre ma\u00eetre chemisier. Our Shirtmaker philosophy D\u00e9couvrez la philosophie de notre Ma\u00eetre Chemisier. Revenga Chemisiers Genevois. Chemises sur mesure \u00e0 Gen\u00e8ve. Bespoke shirts in Geneva\" \/><\/div>\n<div class=\"col col-md-6\">\n<div class=\"box\">\n<h2 class=\"section-title after-left\"><span class=\"titre-jaune\">Mediterranean Flair &amp; Swiss Precision<\/span> TIMELESS CREATIONS FROM TRADITIONAL KNOW-HOW<\/h2>\n<div class=\"box-text\">Being the inheritor of exceptional know-how, the Revenga House is a family owned shirtmaker that crafts bespoke shirts in the heart of the old town of Geneva. Our Master Shirtmaker is proud to advise and clothe all customers seeking for timeless bespoke shirts, epitomising the values of traditional know-how.<\/div>\n<\/div>\n<\/div>\n<\/div>\n<\/div>\n<\/div><\/div>\n<\/div><\/div><\/div><\/div><div id=\"pg-1364-2\"  class=\"panel-grid panel-no-style\" ><div id=\"pgc-1364-2-0\"  class=\"panel-grid-cell\" ><div id=\"panel-1364-2-0-0\" class=\"so-panel widget widget_sow-editor panel-first-child panel-last-child\" data-index=\"2\" ><div\n\t\t\t\n\t\t\tclass=\"so-widget-sow-editor so-widget-sow-editor-base\"\n\t\t\t\n\t\t>\n<div class=\"siteorigin-widget-tinymce textwidget\">\n\t<div class=\"container type1\">\n<div class=\"type1-border\">\n<div class=\"row col-eq\">\n<div class=\"col col-md-6 col-md-push-6 col-lg-push-6 no-padding object-fit\"><img decoding=\"async\" src=\"https:\/\/www.revenga-geneve.com\/wp-content\/uploads\/2018\/07\/elegance.jpg\" class=\"img-responsive\" \/><\/div>\n<div class=\"col col-md-6 col-md-pull-6 col-lg-pull-6 no-padding\">\n<div class=\"box box-bg\">\n\n<span class=\"titre-jaune\">\nThe elegance\n<\/span>\n<h2 class=\"section-title after-center\">OF THE BODY AND THE SOUL<\/h2>\n<div class=\"box-text\">\n\nWe strive to ensure you exalt your elegance\nin both its bodily and mental forms. We uphold that attire and ethos are intrinsically linked, mutually influential\nand blossom in each other\u2019s presence. Bespoke garments express and enhance the singularity and subtleness of the being.\n\n<\/div>\n<div class=\"box-text\">Bespoke clothes thus become a quest for unicity transcended by the maestria,\npassion and creativity of our devoted shirtmaker.<\/div>\n<div><\/div>\n<div class=\"box-text text-italic\">The Bespoke is a mindset.<\/div>\n<\/div>\n<\/div>\n<\/div>\n<\/div>\n<\/div><\/div>\n<\/div><\/div><\/div><\/div><div id=\"pg-1364-3\"  class=\"panel-grid panel-no-style\" ><div id=\"pgc-1364-3-0\"  class=\"panel-grid-cell\" ><div id=\"panel-1364-3-0-0\" class=\"so-panel widget widget_sow-editor panel-first-child panel-last-child\" data-index=\"3\" ><div\n\t\t\t\n\t\t\tclass=\"so-widget-sow-editor so-widget-sow-editor-base\"\n\t\t\t\n\t\t>\n<div class=\"siteorigin-widget-tinymce textwidget\">\n\t<div class=\"section\">\n<div class=\"container\" id=\"bg-rencontrez-artisants\">\n<div class=\"container-content\">\n<div class=\"center-title\">\n\n<span class=\"titre-jaune\">Meet<\/span>\n<h2 class=\"titre-centre\">YOUR SHIRTMAKER<\/h2>\n<\/div>\n<\/div>\n<\/div>\n<\/div><\/div>\n<\/div><\/div><\/div><\/div><div id=\"pg-1364-4\"  class=\"panel-grid panel-no-style\" ><div id=\"pgc-1364-4-0\"  class=\"panel-grid-cell\" ><div id=\"panel-1364-4-0-0\" class=\"so-panel widget widget_sow-editor panel-first-child panel-last-child\" data-index=\"4\" ><div\n\t\t\t\n\t\t\tclass=\"so-widget-sow-editor so-widget-sow-editor-base\"\n\t\t\t\n\t\t>\n<div class=\"siteorigin-widget-tinymce textwidget\">\n\t<div class=\"section\">\n<div class=\"container type4\">\n<div class=\"row col-eq\">\n<div class=\"col col-md-5 col-md-push-7 col-lg-push-7 text-left\"><img loading=\"lazy\" decoding=\"async\" src=\"https:\/\/www.revenga-geneve.com\/wp-content\/uploads\/2018\/07\/josefa.jpg\" class=\"img-responsive alignnone\" width=\"1230\" height=\"1728\" alt=\"Josefa Garcia Lozano - page Philosophie de notre ma\u00eetre chemisier. Our Shirtmaker philosophy - Revenga Chemisiers Genevois\" \/><\/div>\n<div class=\"col col-md-7 col-md-pull-5 col-lg-pull-5 no-padding\">\n<div class=\"box text-right right-padding\">\n<h2 class=\"section-title\"><span class=\"titre-jaune\">Master Shirtmaker<\/span> JOSEFA GARCIA LOZANO<\/h2>\n<div class=\"box-text\">\n<p><span class=\"p\">As from early childhood, Josefa displayed a keen interest in sewing and garment-making. Back then, in the province of Zamora, our Master Shirtmaker\u2019s grandmother Antonia Revenga Gil had established herself as a designer and seamstress and passed on the appeal of sewing and creation. <\/span><span class=\"p\">Having arrived in Switzerland, Josefa followed courses at the SITAM Fashion Institute and obtained styling, figurine design and model-making qualifications. She then went on to work for many years as a shirtmaker for the only remaining Genevan tailors Lorelli Chemisiers and BKO International, in whose workshops she refined her know-how and mastery of the profession.<br \/>\n<\/span><\/p>\n<p><span class=\"p\">Now a renowned shirtmaker, she is the creative driver behind Revenga Chemisiers Genevois. From the heart of her family workshop, she conceives with unwavering passion unique, artisanal and Swiss-made bespoke shirts while scrupulously abiding by the rules of the trade.<br \/>\n<\/span><\/p>\n<p><span class=\"p\"><br \/>\n<a href=\"mailto:j.garcia@revenga-geneve.com\" class=\"block\"> j.garcia@revenga-geneve.com <\/a><br \/>\n<a class=\"block\" href=\"tel:+41225475883\">+41 22 547 58 83 <\/a><br \/>\n<\/span><\/p>\n<\/div>\n<\/div>\n<\/div>\n<\/div>\n<\/div>\n<\/div>\n<\/div>\n<\/div><\/div><\/div><\/div><div id=\"pg-1364-5\"  class=\"panel-grid panel-no-style\" ><div id=\"pgc-1364-5-0\"  class=\"panel-grid-cell\" ><div id=\"panel-1364-5-0-0\" class=\"so-panel widget widget_sow-editor panel-first-child panel-last-child\" data-index=\"5\" ><div\n\t\t\t\n\t\t\tclass=\"so-widget-sow-editor so-widget-sow-editor-base\"\n\t\t\t\n\t\t>\n<div class=\"siteorigin-widget-tinymce textwidget\">\n\t<div class=\"container\">\n<div class=\"row\">\n<div class=\"col col-md-6 no-padding\">\n<div class=\"full-btn\" id=\"btn-sur-mesure\">\n\n<a href=\"https:\/\/www.revenga-geneve.com\/en\/bespoke-shirts\/\/\"><\/a>\n<div class=\"center-title\"><span class=\"titre-jaune\">\n<a href=\"https:\/\/www.revenga-geneve.com\/en\/bespoke-shirts\/\">The bespoke shirt<\/a><\/span><span class=\"titre-centre\">\n<a href=\"https:\/\/www.revenga-geneve.com\/en\/bespoke-shirts\/\">by Revenga<\/a>\n<\/span><\/div>\n<\/div>\n<\/div>\n<div class=\"col col-md-6 no-padding\">\n<div class=\"full-btn\" id=\"btn-atelier\">\n\n<a href=\"https:\/\/www.revenga-geneve.com\/en\/workshop-revenga-chemisiers-genevois\/\"><\/a>\n<div class=\"center-title\"><span class=\"titre-jaune\">\n<a href=\"https:\/\/www.revenga-geneve.com\/en\/workshop-revenga-chemisiers-genevois\/\">Discover<\/a><\/span><span class=\"titre-centre\"><span class=\"titre-centre\">\n<a href=\"https:\/\/www.revenga-geneve.com\/en\/workshop-revenga-chemisiers-genevois\/\">Our workshop<\/a><\/span><\/span><\/div>\n<\/div>\n<\/div>\n<\/div>\n<\/div><\/div>\n<\/div><\/div><\/div><\/div><\/div>","protected":false},"excerpt":{"rendered":"<p>Discover the philosophy OF OUR MASTER SHIRTMAKER Mediterranean Flair &amp; Swiss Precision TIMELESS CREATIONS FROM TRADITIONAL KNOW-HOW Being the inheritor of exceptional know-how, the Revenga House is a family owned shirtmaker that crafts bespoke shirts in the heart of the old town of Geneva. Our Master Shirtmaker is proud to advise and clothe all customers [&hellip;]<\/p>\n","protected":false},"author":1,"featured_media":0,"parent":0,"menu_order":0,"comment_status":"closed","ping_status":"closed","template":"","meta":{"_mi_skip_tracking":false,"footnotes":""},"class_list":["post-1364","page","type-page","status-publish","hentry"],"acf":[],"yoast_head":"<!-- This site is optimized with the Yoast SEO Premium plugin v19.5 (Yoast SEO v19.10) - https:\/\/yoast.com\/wordpress\/plugins\/seo\/ -->\n<title>Shirtmaker philosophy - Revenga Chemisiers Genevois<\/title>\n<meta name=\"description\" content=\"The Revenga house is the last family workshop crafting bespoke shirts in Geneva. Discover the sartorial philosophy of our Master Shirtmaker.\" \/>\n<meta name=\"robots\" content=\"index, follow, max-snippet:-1, max-image-preview:large, max-video-preview:-1\" \/>\n<link rel=\"canonical\" href=\"https:\/\/www.revenga-geneve.com\/en\/philosophy-shirtmaker\/\" \/>\n<meta property=\"og:locale\" content=\"en_US\" \/>\n<meta property=\"og:type\" content=\"article\" \/>\n<meta property=\"og:title\" content=\"Revenga Chemisiers Genevois : La philosophie de notre Ma\u00eetre Chemisier\" \/>\n<meta property=\"og:description\" content=\"D\u00e9couvrez la philosophie de la chemiserie Revenga et de son Ma\u00eetre Chemisier\" \/>\n<meta property=\"og:url\" content=\"https:\/\/www.revenga-geneve.com\/en\/philosophy-shirtmaker\/\" \/>\n<meta property=\"og:site_name\" content=\"Revenga Chemisiers Genevois\" \/>\n<meta property=\"article:publisher\" content=\"https:\/\/www.facebook.com\/revenga.geneve\/\" \/>\n<meta property=\"article:modified_time\" content=\"2024-03-07T12:31:49+00:00\" \/>\n<meta property=\"og:image\" content=\"https:\/\/www.revenga-geneve.com\/wp-content\/uploads\/2018\/06\/passion-savoir-faire-1.jpg\" \/>\n\t<meta property=\"og:image:width\" content=\"1200\" \/>\n\t<meta property=\"og:image:height\" content=\"830\" \/>\n\t<meta property=\"og:image:type\" content=\"image\/jpeg\" \/>\n<meta name=\"twitter:card\" content=\"summary_large_image\" \/>\n<meta name=\"twitter:title\" content=\"Our philosophy\" \/>\n<meta name=\"twitter:label1\" content=\"Est. reading time\" \/>\n\t<meta name=\"twitter:data1\" content=\"3 minutes\" \/>\n<script type=\"application\/ld+json\" class=\"yoast-schema-graph\">{\"@context\":\"https:\/\/schema.org\",\"@graph\":[{\"@type\":\"WebPage\",\"@id\":\"https:\/\/www.revenga-geneve.com\/en\/philosophy-shirtmaker\/\",\"url\":\"https:\/\/www.revenga-geneve.com\/en\/philosophy-shirtmaker\/\",\"name\":\"Shirtmaker philosophy - Revenga Chemisiers Genevois\",\"isPartOf\":{\"@id\":\"https:\/\/www.revenga-geneve.com\/#website\"},\"datePublished\":\"2018-03-29T09:29:39+00:00\",\"dateModified\":\"2024-03-07T12:31:49+00:00\",\"description\":\"The Revenga house is the last family workshop crafting bespoke shirts in Geneva. Discover the sartorial philosophy of our Master Shirtmaker.\",\"breadcrumb\":{\"@id\":\"https:\/\/www.revenga-geneve.com\/en\/philosophy-shirtmaker\/#breadcrumb\"},\"inLanguage\":\"en-US\",\"potentialAction\":[{\"@type\":\"ReadAction\",\"target\":[\"https:\/\/www.revenga-geneve.com\/en\/philosophy-shirtmaker\/\"]}]},{\"@type\":\"BreadcrumbList\",\"@id\":\"https:\/\/www.revenga-geneve.com\/en\/philosophy-shirtmaker\/#breadcrumb\",\"itemListElement\":[{\"@type\":\"ListItem\",\"position\":1,\"name\":\"Accueil\",\"item\":\"https:\/\/www.revenga-geneve.com\/\"},{\"@type\":\"ListItem\",\"position\":2,\"name\":\"Our philosophy\"}]},{\"@type\":\"WebSite\",\"@id\":\"https:\/\/www.revenga-geneve.com\/#website\",\"url\":\"https:\/\/www.revenga-geneve.com\/\",\"name\":\"Revenga Chemisiers Genevois\",\"description\":\"Chemises sur mesure \u00e0 Gen\u00e8ve\",\"publisher\":{\"@id\":\"https:\/\/www.revenga-geneve.com\/#organization\"},\"potentialAction\":[{\"@type\":\"SearchAction\",\"target\":{\"@type\":\"EntryPoint\",\"urlTemplate\":\"https:\/\/www.revenga-geneve.com\/?s={search_term_string}\"},\"query-input\":\"required name=search_term_string\"}],\"inLanguage\":\"en-US\"},{\"@type\":\"Organization\",\"@id\":\"https:\/\/www.revenga-geneve.com\/#organization\",\"name\":\"Revenga Chemisiers Genevois\",\"url\":\"https:\/\/www.revenga-geneve.com\/\",\"logo\":{\"@type\":\"ImageObject\",\"inLanguage\":\"en-US\",\"@id\":\"https:\/\/www.revenga-geneve.com\/#\/schema\/logo\/image\/\",\"url\":\"https:\/\/www.revenga-geneve.com\/wp-content\/uploads\/2022\/01\/IMG_20180728_221458_868.jpg\",\"contentUrl\":\"https:\/\/www.revenga-geneve.com\/wp-content\/uploads\/2022\/01\/IMG_20180728_221458_868.jpg\",\"width\":368,\"height\":368,\"caption\":\"Revenga Chemisiers Genevois\"},\"image\":{\"@id\":\"https:\/\/www.revenga-geneve.com\/#\/schema\/logo\/image\/\"},\"sameAs\":[\"https:\/\/www.instagram.com\/revenga.geneve\/\",\"https:\/\/www.linkedin.com\/company\/revenga-geneve\/\",\"https:\/\/www.facebook.com\/revenga.geneve\/\"]}]}<\/script>\n<!-- \/ Yoast SEO Premium plugin. -->","yoast_head_json":{"title":"Shirtmaker philosophy - Revenga Chemisiers Genevois","description":"The Revenga house is the last family workshop crafting bespoke shirts in Geneva. Discover the sartorial philosophy of our Master Shirtmaker.","robots":{"index":"index","follow":"follow","max-snippet":"max-snippet:-1","max-image-preview":"max-image-preview:large","max-video-preview":"max-video-preview:-1"},"canonical":"https:\/\/www.revenga-geneve.com\/en\/philosophy-shirtmaker\/","og_locale":"en_US","og_type":"article","og_title":"Revenga Chemisiers Genevois : La philosophie de notre Ma\u00eetre Chemisier","og_description":"D\u00e9couvrez la philosophie de la chemiserie Revenga et de son Ma\u00eetre Chemisier","og_url":"https:\/\/www.revenga-geneve.com\/en\/philosophy-shirtmaker\/","og_site_name":"Revenga Chemisiers Genevois","article_publisher":"https:\/\/www.facebook.com\/revenga.geneve\/","article_modified_time":"2024-03-07T12:31:49+00:00","og_image":[{"width":1200,"height":830,"url":"https:\/\/www.revenga-geneve.com\/wp-content\/uploads\/2018\/06\/passion-savoir-faire-1.jpg","type":"image\/jpeg"}],"twitter_card":"summary_large_image","twitter_title":"Our philosophy","twitter_misc":{"Est. reading time":"3 minutes"},"schema":{"@context":"https:\/\/schema.org","@graph":[{"@type":"WebPage","@id":"https:\/\/www.revenga-geneve.com\/en\/philosophy-shirtmaker\/","url":"https:\/\/www.revenga-geneve.com\/en\/philosophy-shirtmaker\/","name":"Shirtmaker philosophy - Revenga Chemisiers Genevois","isPartOf":{"@id":"https:\/\/www.revenga-geneve.com\/#website"},"datePublished":"2018-03-29T09:29:39+00:00","dateModified":"2024-03-07T12:31:49+00:00","description":"The Revenga house is the last family workshop crafting bespoke shirts in Geneva. Discover the sartorial philosophy of our Master Shirtmaker.","breadcrumb":{"@id":"https:\/\/www.revenga-geneve.com\/en\/philosophy-shirtmaker\/#breadcrumb"},"inLanguage":"en-US","potentialAction":[{"@type":"ReadAction","target":["https:\/\/www.revenga-geneve.com\/en\/philosophy-shirtmaker\/"]}]},{"@type":"BreadcrumbList","@id":"https:\/\/www.revenga-geneve.com\/en\/philosophy-shirtmaker\/#breadcrumb","itemListElement":[{"@type":"ListItem","position":1,"name":"Accueil","item":"https:\/\/www.revenga-geneve.com\/"},{"@type":"ListItem","position":2,"name":"Our philosophy"}]},{"@type":"WebSite","@id":"https:\/\/www.revenga-geneve.com\/#website","url":"https:\/\/www.revenga-geneve.com\/","name":"Revenga Chemisiers Genevois","description":"Chemises sur mesure \u00e0 Gen\u00e8ve","publisher":{"@id":"https:\/\/www.revenga-geneve.com\/#organization"},"potentialAction":[{"@type":"SearchAction","target":{"@type":"EntryPoint","urlTemplate":"https:\/\/www.revenga-geneve.com\/?s={search_term_string}"},"query-input":"required name=search_term_string"}],"inLanguage":"en-US"},{"@type":"Organization","@id":"https:\/\/www.revenga-geneve.com\/#organization","name":"Revenga Chemisiers Genevois","url":"https:\/\/www.revenga-geneve.com\/","logo":{"@type":"ImageObject","inLanguage":"en-US","@id":"https:\/\/www.revenga-geneve.com\/#\/schema\/logo\/image\/","url":"https:\/\/www.revenga-geneve.com\/wp-content\/uploads\/2022\/01\/IMG_20180728_221458_868.jpg","contentUrl":"https:\/\/www.revenga-geneve.com\/wp-content\/uploads\/2022\/01\/IMG_20180728_221458_868.jpg","width":368,"height":368,"caption":"Revenga Chemisiers Genevois"},"image":{"@id":"https:\/\/www.revenga-geneve.com\/#\/schema\/logo\/image\/"},"sameAs":["https:\/\/www.instagram.com\/revenga.geneve\/","https:\/\/www.linkedin.com\/company\/revenga-geneve\/","https:\/\/www.facebook.com\/revenga.geneve\/"]}]}},"_links":{"self":[{"href":"https:\/\/www.revenga-geneve.com\/en\/wp-json\/wp\/v2\/pages\/1364","targetHints":{"allow":["GET"]}}],"collection":[{"href":"https:\/\/www.revenga-geneve.com\/en\/wp-json\/wp\/v2\/pages"}],"about":[{"href":"https:\/\/www.revenga-geneve.com\/en\/wp-json\/wp\/v2\/types\/page"}],"author":[{"embeddable":true,"href":"https:\/\/www.revenga-geneve.com\/en\/wp-json\/wp\/v2\/users\/1"}],"replies":[{"embeddable":true,"href":"https:\/\/www.revenga-geneve.com\/en\/wp-json\/wp\/v2\/comments?post=1364"}],"version-history":[{"count":23,"href":"https:\/\/www.revenga-geneve.com\/en\/wp-json\/wp\/v2\/pages\/1364\/revisions"}],"predecessor-version":[{"id":3150,"href":"https:\/\/www.revenga-geneve.com\/en\/wp-json\/wp\/v2\/pages\/1364\/revisions\/3150"}],"wp:attachment":[{"href":"https:\/\/www.revenga-geneve.com\/en\/wp-json\/wp\/v2\/media?parent=1364"}],"curies":[{"name":"wp","href":"https:\/\/api.w.org\/{rel}","templated":true}]}}